{"id":339,"date":"2023-03-29T22:48:23","date_gmt":"2023-03-29T22:48:23","guid":{"rendered":"https:\/\/landscapeofthesoul.com\/home\/accueil\/"},"modified":"2026-01-11T23:52:36","modified_gmt":"2026-01-11T23:52:36","slug":"accueil","status":"publish","type":"page","link":"https:\/\/landscapeofthesoul.com\/home\/accueil\/?lang=fr","title":{"rendered":"Accueil"},"content":{"rendered":"<div id=\"cs-content\" class=\"cs-content\"><\/div>\n","protected":false},"excerpt":{"rendered":"<p>Nous vivons un moment cl\u00e9 de l\u2019\u00e9volution humaine, une \u00e9poque o\u00f9 l\u2019alignement conscient avec notre nature spirituelle nous permet de transformer des sch\u00e9mas de vie entiers \u00e0 partir du paysage de notre \u00e2me. Et nous nous \u00e9veillons \u00e0 cette possibilit\u00e9 \u00e0 grande \u00e9chelle. Dr Stephen M. MarcusTerre Sacr\u00e9e Terre Sacr\u00e9e est un lieu de rencontre interactif en ligne pour la &#8230; <\/p>\n<div><a href=\"https:\/\/landscapeofthesoul.com\/home\/animated_live_wall\/sacred-ground-profile-photos\/\" class=\"more-link\">Read More<\/a><\/div>\n","protected":false},"author":1,"featured_media":0,"parent":0,"menu_order":0,"comment_status":"closed","ping_status":"closed","template":"template-blank-4.php","meta":{"footnotes":""},"class_list":["post-339","page","type-page","status-publish","hentry","no-post-thumbnail"],"_links":{"self":[{"href":"https:\/\/landscapeofthesoul.com\/home\/wp-json\/wp\/v2\/pages\/339","targetHints":{"allow":["GET"]}}],"collection":[{"href":"https:\/\/landscapeofthesoul.com\/home\/wp-json\/wp\/v2\/pages"}],"about":[{"href":"https:\/\/landscapeofthesoul.com\/home\/wp-json\/wp\/v2\/types\/page"}],"author":[{"embeddable":true,"href":"https:\/\/landscapeofthesoul.com\/home\/wp-json\/wp\/v2\/users\/1"}],"replies":[{"embeddable":true,"href":"https:\/\/landscapeofthesoul.com\/home\/wp-json\/wp\/v2\/comments?post=339"}],"version-history":[{"count":4,"href":"https:\/\/landscapeofthesoul.com\/home\/wp-json\/wp\/v2\/pages\/339\/revisions"}],"predecessor-version":[{"id":351,"href":"https:\/\/landscapeofthesoul.com\/home\/wp-json\/wp\/v2\/pages\/339\/revisions\/351"}],"wp:attachment":[{"href":"https:\/\/landscapeofthesoul.com\/home\/wp-json\/wp\/v2\/media?parent=339"}],"curies":[{"name":"wp","href":"https:\/\/api.w.org\/{rel}","templated":true}]}}