{"id":337,"date":"2023-03-29T22:48:23","date_gmt":"2023-03-29T22:48:23","guid":{"rendered":"https:\/\/landscapeofthesoul.com\/home\/startseite\/"},"modified":"2026-01-11T23:42:49","modified_gmt":"2026-01-11T23:42:49","slug":"startseite","status":"publish","type":"page","link":"https:\/\/landscapeofthesoul.com\/home\/startseite\/?lang=de","title":{"rendered":"Startseite"},"content":{"rendered":"<div id=\"cs-content\" class=\"cs-content\"><\/div>\n","protected":false},"excerpt":{"rendered":"<p>Wir leben in einem entscheidenden Moment der menschlichen Evolution &#8211; einer Zeit, in der die bewusste Ausrichtung auf unsere spirituelle Natur es uns erm\u00f6glicht, lebenslange Muster aus der Landschaft unserer Seele zu transformieren. Und wir erwachen zu dieser M\u00f6glichkeit in gro\u00dfem Ma\u00dfstab. Dr. Stephen M. MarcusHeiliger Boden Sacred Ground ist ein interaktiver Online-Treffpunkt f\u00fcr die Verbindung im Intersein &#8211; von &#8230; <\/p>\n<div><a href=\"https:\/\/landscapeofthesoul.com\/home\/animated_live_wall\/sacred-ground-profile-photos\/\" class=\"more-link\">Read More<\/a><\/div>\n","protected":false},"author":1,"featured_media":0,"parent":0,"menu_order":0,"comment_status":"closed","ping_status":"closed","template":"template-blank-4.php","meta":{"footnotes":""},"class_list":["post-337","page","type-page","status-publish","hentry","no-post-thumbnail"],"_links":{"self":[{"href":"https:\/\/landscapeofthesoul.com\/home\/wp-json\/wp\/v2\/pages\/337","targetHints":{"allow":["GET"]}}],"collection":[{"href":"https:\/\/landscapeofthesoul.com\/home\/wp-json\/wp\/v2\/pages"}],"about":[{"href":"https:\/\/landscapeofthesoul.com\/home\/wp-json\/wp\/v2\/types\/page"}],"author":[{"embeddable":true,"href":"https:\/\/landscapeofthesoul.com\/home\/wp-json\/wp\/v2\/users\/1"}],"replies":[{"embeddable":true,"href":"https:\/\/landscapeofthesoul.com\/home\/wp-json\/wp\/v2\/comments?post=337"}],"version-history":[{"count":2,"href":"https:\/\/landscapeofthesoul.com\/home\/wp-json\/wp\/v2\/pages\/337\/revisions"}],"predecessor-version":[{"id":348,"href":"https:\/\/landscapeofthesoul.com\/home\/wp-json\/wp\/v2\/pages\/337\/revisions\/348"}],"wp:attachment":[{"href":"https:\/\/landscapeofthesoul.com\/home\/wp-json\/wp\/v2\/media?parent=337"}],"curies":[{"name":"wp","href":"https:\/\/api.w.org\/{rel}","templated":true}]}}